{"id":25,"date":"2014-01-28T16:42:16","date_gmt":"2014-01-28T15:42:16","guid":{"rendered":"http:\/\/f-o-r-m-e-s.org\/phae_fr\/?page_id=25"},"modified":"2014-05-29T11:12:06","modified_gmt":"2014-05-29T10:12:06","slug":"about","status":"publish","type":"page","link":"https:\/\/phae.eu\/?page_id=25","title":{"rendered":"RAPHA\u00cbL ILIAS"},"content":{"rendered":"<div id=\"ph_columns\" style=\"margin-top: 1em;\">\n<div class=\"ph_col left\" style=\"text-align: justify;\">RAPHA\u00cbL ILIAS pratique la vid\u00e9o et le son, l\u2019installation et la programmation. Attach\u00e9 \u00e0 une exploration autodidacte des techniques qui contourne et retourne les emplois pr\u00e9\u00e9tablis, son travail oscille entre exp\u00e9rimentation plastique sur image ou son, et une r\u00e9flexion plus conceptuelle et critique jalonn\u00e9e de travaux jouant avec les objets culturels, protocoles et dispositifs techniques contemporains. L\u2019envie de donner \u00e0 ces recherches une dimension collaborative l\u2019a conduit au partage de savoirs (workshops \/ brochures technico-politiques), \u00e0 l\u2019organisation d\u2019\u00e9v\u00e8nements (diffusion d\u2019art vid\u00e9o, performances), au commissariat et \u00e0 l\u2019\u00e9criture de textes (membre actif du <a class=\"ph_a\" href=\"http:\/\/collectifavantdavoirunlieu.blogspot.fr\/\" target=\"_blank\">Collectif Avant d\u2019Avoir Un Lieu<\/a> et de <a class=\"ph_a\" href=\"http:\/\/f-o-r-m-e-s.org\/\" target=\"_blank\">FORMES<\/a>) concourant \u00e0 mettre cette r\u00e9flexion en action dans les espaces vari\u00e9s qu\u2019offre un lieu.<br \/>\nDepuis 2011, il collabore r\u00e9guli\u00e8rement avec <a class=\"ph_a\" href=\"http:\/\/flrntstt.tumblr.com\/\" target=\"_blank\">Florian Tositti<\/a>, artiste sonore et percussionniste, autour de plusieurs projets sonores, dont notamment &lsquo;DREAMMER&rsquo; et &lsquo;Une pi\u00e8ce musicale&rsquo;.<br \/>\nIssus d&rsquo;un collectif informel d&rsquo;improvisation, d\u00e9marre aussi une collaboration avec <a class=\"ph_a\" href=\"http:\/\/defenestrauma.tumblr.com\/\" target=\"_blank\">Jacob Garet<\/a>, sous le nom de RIJG, et \u00e9galement avec lui, la plate-forme de publications sonores <a class=\"ph_a\" href=\"http:\/\/vibratvacuum.org\/\" target=\"_blank\">VIBRATVACUUM<\/a>.<\/div>\n<div class=\"ph_col right\" style=\"text-align: justify;\"><span class=\"ph_EN\">RAPHA\u00cbL ILIAS works with video, sound, installation and coding. Engaged in a personal exploration of the technics that bypasses its preestablished uses, his practice oscillates between formal experimentation on sound and image, and a more conceptual and critical approach that plays with cultural artifacts, devices, protocols and technical dispositives. The desire to give these researches a more collaborative dimension led him to knowledge sharing (workshops \/ booklets), to organizing events (diffusion, performances) to curating and text writing (active member of <a class=\"ph_a\" href=\"http:\/\/collectifavantdavoirunlieu.blogspot.fr\/\" target=\"_blank\">Collectif Avant d&rsquo;Avoir Un Lieu<\/a> and <a class=\"ph_a\" href=\"http:\/\/f-o-r-m-e-s.org\/\" target=\"_blank\">FORMES<\/a>), all of which contributing to make this thinking happen in the various spaces that the city offers.<br \/>\nSince 2011, he regularly collaborates with <a class=\"ph_a\" href=\"http:\/\/flrntstt.tumblr.com\/\" target=\"_blank\">Florian Tositti<\/a>, sound artist and drummer, in several sonic projects, particularly &lsquo;DREAMMER&rsquo; and &lsquo;Une pi\u00e8ce musicale&rsquo;.<br \/>\nStemming from an informal improvisation collective also started a collaboration with <a class=\"ph_a\" href=\"http:\/\/defenestrauma.tumblr.com\/\" target=\"_blank\">Jacob Garet<\/a>, under the name of RIJG, and also with him the sound publishing platform <a class=\"ph_a\" href=\"http:\/\/vibratvacuum.org\/\" target=\"_blank\">VIBRATVACUUM<\/a>.<\/span><\/div>\n<\/div>\n","protected":false},"excerpt":{"rendered":"<p>RAPHA\u00cbL ILIAS pratique la vid\u00e9o et le son, l\u2019installation et la programmation. Attach\u00e9 \u00e0 une exploration autodidacte des techniques qui&#8230;<\/p>\n","protected":false},"author":1,"featured_media":0,"parent":0,"menu_order":0,"comment_status":"open","ping_status":"open","template":"template-full-width.php","meta":[],"_links":{"self":[{"href":"https:\/\/phae.eu\/index.php?rest_route=\/wp\/v2\/pages\/25"}],"collection":[{"href":"https:\/\/phae.eu\/index.php?rest_route=\/wp\/v2\/pages"}],"about":[{"href":"https:\/\/phae.eu\/index.php?rest_route=\/wp\/v2\/types\/page"}],"author":[{"embeddable":true,"href":"https:\/\/phae.eu\/index.php?rest_route=\/wp\/v2\/users\/1"}],"replies":[{"embeddable":true,"href":"https:\/\/phae.eu\/index.php?rest_route=%2Fwp%2Fv2%2Fcomments&post=25"}],"version-history":[{"count":17,"href":"https:\/\/phae.eu\/index.php?rest_route=\/wp\/v2\/pages\/25\/revisions"}],"predecessor-version":[{"id":185,"href":"https:\/\/phae.eu\/index.php?rest_route=\/wp\/v2\/pages\/25\/revisions\/185"}],"wp:attachment":[{"href":"https:\/\/phae.eu\/index.php?rest_route=%2Fwp%2Fv2%2Fmedia&parent=25"}],"curies":[{"name":"wp","href":"https:\/\/api.w.org\/{rel}","templated":true}]}}